{"id":72,"date":"2017-07-02T11:07:13","date_gmt":"2017-07-02T09:07:13","guid":{"rendered":"https:\/\/www.alexxtv.de\/?page_id=72"},"modified":"2024-07-16T14:07:38","modified_gmt":"2024-07-16T14:07:38","slug":"impressum","status":"publish","type":"page","link":"https:\/\/www.alexxtv.de\/?page_id=72","title":{"rendered":"Impressum"},"content":{"rendered":"<p><strong>Angaben gem\u00e4\u00df \u00a7 5 TMG:<\/strong><br \/>\nFree Media Network<br \/>\n5214F Diamond Heights Blvd #3114<br \/>\nSan Francisco, CA 94131<br \/>\nUSA<\/p>\n<p>E-Mail: Hier k\u00f6nnen Sie uns <a href=\"https:\/\/www.alexxtv.de\/?page_id=314\">KONTAKTIEREN<\/a><\/p>\n<p><strong>Aufsichtsbeh\u00f6rde:<\/strong><\/p>\n<p><strong>Die Europ\u00e4ische Kommission stellt eine Plattform zur Online-Streitbeilegung (OS) bereit:<\/strong><br \/>\nhttp:\/\/ec.europa.eu\/consumers\/odr<br \/>\nUnsere E-Mail-Adresse finden Sie oben im Impressum.<br \/>\nWir sind nicht bereit oder verpflichtet, an Streitbeilegungsverfahren vor einer Verbraucherschlichtungsstelle teilzunehmen.<br \/>\n<strong><br \/>\nHaftung f\u00fcr Inhalte:<\/strong><br \/>\nAls Diensteanbieter sind wir gem\u00e4\u00df \u00a7 7 Abs.1 TMG f\u00fcr eigene Inhalte auf diesen Seiten nach den allgemeinen Gesetzen verantwortlich. Nach \u00a7\u00a7 8 bis 10 TMG sind wir als Diensteanbieter jedoch nicht verpflichtet, \u00fcbermittelte oder gespeicherte fremde Informationen zu \u00fcberwachen oder nach Umst\u00e4nden zu forschen, die auf eine rechtswidrige T\u00e4tigkeit hinweisen. Verpflichtungen zur Entfernung oder Sperrung der Nutzung von Informationen nach den allgemeinen Gesetzen bleiben hiervon unber\u00fchrt. Eine diesbez\u00fcgliche Haftung ist jedoch erst ab dem Zeitpunkt der Kenntnis einer konkreten Rechtsverletzung m\u00f6glich. Bei Bekanntwerden von entsprechenden Rechtsverletzungen werden wir diese Inhalte umgehend\u00a0 entfernen.<br \/>\n<strong><br \/>\nHaftung f\u00fcr Links:<\/strong><br \/>\nUnser Angebot enth\u00e4lt Links zu externen Webseiten Dritter, auf deren Inhalte wir keinen Einfluss haben. Deshalb k\u00f6nnen wir f\u00fcr diese fremden Inhalte auch keine Gew\u00e4hr \u00fcbernehmen. F\u00fcr die Inhalte der verlinkten Seiten ist stets der jeweilige Anbieter oder Betreiber der Seiten verantwortlich. Die verlinkten Seiten wurden zum Zeitpunkt der Verlinkung auf m\u00f6gliche Rechtsverst\u00f6\u00dfe \u00fcberpr\u00fcft. Rechtswidrige Inhalte waren zum Zeitpunkt der Verlinkung nicht erkennbar. Eine permanente inhaltliche Kontrolle der verlinkten Seiten ist jedoch ohne konkrete Anhaltspunkte einer Rechtsverletzung nicht zumutbar. Bei Bekanntwerden von Rechtsverletzungen werden wir derartige Links umgehend entfernen.<br \/>\n<strong><br \/>\nUrheberrecht:<\/strong><br \/>\nDie durch die Seitenbetreiber erstellten Inhalte und Werke auf diesen Seiten unterliegen dem deutschen Urheberrecht. Die Vervielf\u00e4ltigung, Bearbeitung, Verbreitung und jede Art der Verwertung au\u00dferhalb der Grenzen des Urheberrechtes bed\u00fcrfen der schriftlichen Zustimmung des jeweiligen Autors bzw. Erstellers. Downloads und Kopien dieser Seite sind nur f\u00fcr den privaten, nicht kommerziellen Gebrauch gestattet. Soweit die Inhalte auf dieser Seite nicht vom Betreiber erstellt wurden, werden die Urheberrechte Dritter beachtet. Insbesondere werden Inhalte Dritter als solche gekennzeichnet. Sollten Sie trotzdem auf eine Urheberrechtsverletzung aufmerksam werden, bitten wir um einen entsprechenden Hinweis. Bei Bekanntwerden von Rechtsverletzungen werden wir derartige Inhalte umgehend entfernen. <strong>Wir weisen ausdr\u00fccklich darauf hin, dass wir Ausschnitte aus Videos und Printmedien in Sinne des Zitatrechts <a href=\"https:\/\/dejure.org\/gesetze\/UrhG\/51.html\" target=\"_blank\" rel=\"noopener noreferrer\">\u00a7 51 UrhG<\/a> nutzen und in unseren Videos und Beitr\u00e4gen verwerten. Die von uns genutzten Materialien werden monetarisiert und als eine eigenst\u00e4ndige Arbeit ver\u00f6ffentlicht. <\/strong><\/p>\n<p><strong>HINWEIS:<\/strong><br \/>\n<strong>Auch wenn diese Webseite auf Deutsch ist, unterliegen wir dem US-Amerikanischen Recht, da der Betreiber seinen st\u00e4ndigen Wohnsitz in den Vereinigten Staaten von Amerika hat.<br \/>\n<\/strong><\/p>\n","protected":false},"excerpt":{"rendered":"<p>Angaben gem\u00e4\u00df \u00a7 5 TMG: Free Media Network 5214F Diamond Heights Blvd #3114 San Francisco, CA 94131 USA E-Mail: Hier k\u00f6nnen Sie uns KONTAKTIEREN Aufsichtsbeh\u00f6rde: Die Europ\u00e4ische Kommission stellt eine Plattform zur Online-Streitbeilegung (OS)&#46;&#46;&#46;<\/p>\n","protected":false},"author":1,"featured_media":0,"parent":0,"menu_order":0,"comment_status":"closed","ping_status":"closed","template":"","meta":{"footnotes":""},"class_list":["post-72","page","type-page","status-publish","hentry"],"_links":{"self":[{"href":"https:\/\/www.alexxtv.de\/index.php?rest_route=\/wp\/v2\/pages\/72","targetHints":{"allow":["GET"]}}],"collection":[{"href":"https:\/\/www.alexxtv.de\/index.php?rest_route=\/wp\/v2\/pages"}],"about":[{"href":"https:\/\/www.alexxtv.de\/index.php?rest_route=\/wp\/v2\/types\/page"}],"author":[{"embeddable":true,"href":"https:\/\/www.alexxtv.de\/index.php?rest_route=\/wp\/v2\/users\/1"}],"replies":[{"embeddable":true,"href":"https:\/\/www.alexxtv.de\/index.php?rest_route=%2Fwp%2Fv2%2Fcomments&post=72"}],"version-history":[{"count":1,"href":"https:\/\/www.alexxtv.de\/index.php?rest_route=\/wp\/v2\/pages\/72\/revisions"}],"predecessor-version":[{"id":1889,"href":"https:\/\/www.alexxtv.de\/index.php?rest_route=\/wp\/v2\/pages\/72\/revisions\/1889"}],"wp:attachment":[{"href":"https:\/\/www.alexxtv.de\/index.php?rest_route=%2Fwp%2Fv2%2Fmedia&parent=72"}],"curies":[{"name":"wp","href":"https:\/\/api.w.org\/{rel}","templated":true}]}}